{"id":394,"date":"2020-07-04T16:08:03","date_gmt":"2020-07-04T16:08:03","guid":{"rendered":"https:\/\/dafs.pxdev.xyz\/?page_id=394"},"modified":"2020-07-09T20:26:18","modified_gmt":"2020-07-09T20:26:18","slug":"mentions-legales","status":"publish","type":"page","link":"https:\/\/dafs.pxdev.xyz\/en\/mentions-legales\/","title":{"rendered":"Legal"},"content":{"rendered":"<div data-elementor-type=\"wp-page\" data-elementor-id=\"394\" class=\"elementor elementor-394\" data-elementor-post-type=\"page\">\n\t\t\t\t\t\t<section class=\"elementor-section elementor-top-section elementor-element elementor-element-eba963a elementor-section-boxed elementor-section-height-default elementor-section-height-default exad-glass-effect-no exad-sticky-section-no\" data-id=\"eba963a\" data-element_type=\"section\" data-e-type=\"section\">\n\t\t\t\t\t\t<div class=\"elementor-container elementor-column-gap-default\">\n\t\t\t\t\t<div class=\"elementor-column elementor-col-100 elementor-top-column elementor-element elementor-element-712dce2 exad-glass-effect-no exad-sticky-section-no\" data-id=\"712dce2\" data-element_type=\"column\" data-e-type=\"column\">\n\t\t\t<div class=\"elementor-widget-wrap elementor-element-populated\">\n\t\t\t\t\t\t<div class=\"elementor-element elementor-element-66b7a2a exad-sticky-section-no exad-glass-effect-no elementor-widget elementor-widget-heading\" data-id=\"66b7a2a\" data-element_type=\"widget\" data-e-type=\"widget\" data-widget_type=\"heading.default\">\n\t\t\t\t<div class=\"elementor-widget-container\">\n\t\t\t\t\t<h2 class=\"elementor-heading-title elementor-size-default\">Legal<\/h2>\t\t\t\t<\/div>\n\t\t\t\t<\/div>\n\t\t\t\t\t<\/div>\n\t\t<\/div>\n\t\t\t\t\t<\/div>\n\t\t<\/section>\n\t\t\t\t<section class=\"elementor-section elementor-top-section elementor-element elementor-element-cbf648d elementor-section-boxed elementor-section-height-default elementor-section-height-default exad-glass-effect-no exad-sticky-section-no\" data-id=\"cbf648d\" data-element_type=\"section\" data-e-type=\"section\">\n\t\t\t\t\t\t<div class=\"elementor-container elementor-column-gap-default\">\n\t\t\t\t\t<div class=\"elementor-column elementor-col-100 elementor-top-column elementor-element elementor-element-1fe3738 exad-glass-effect-no exad-sticky-section-no\" data-id=\"1fe3738\" data-element_type=\"column\" data-e-type=\"column\">\n\t\t\t<div class=\"elementor-widget-wrap elementor-element-populated\">\n\t\t\t\t\t\t<div class=\"elementor-element elementor-element-d436b1c exad-sticky-section-no exad-glass-effect-no elementor-widget elementor-widget-text-editor\" data-id=\"d436b1c\" data-element_type=\"widget\" data-e-type=\"widget\" data-widget_type=\"text-editor.default\">\n\t\t\t\t<div class=\"elementor-widget-container\">\n\t\t\t\t\t\t\t\t\t<p>Merci de lire avec attention les diff\u00e9rentes modalit\u00e9s d\u2019utilisation du pr\u00e9sent site avant d\u2019y parcourir ses pages. En vous connectant sur ce site, vous acceptez sans r\u00e9serves les pr\u00e9sentes modalit\u00e9s. Aussi, conform\u00e9ment \u00e0 l\u2019article n\u00b06 de la Loi n\u00b02004-575 du 21 Juin 2004 pour la confiance dans l\u2019\u00e9conomie num\u00e9rique, les responsables du pr\u00e9sent site internet sont :<\/p><p>Site Manager<\/p><p>DA Group<\/p><p>Company number : 493 549 315<\/p><p>ORIAS no. 07 027 591<\/p><p>Publisher : DA Group, 12 rue de l\u2019\u00e9toile 75017 Paris, France<\/p><p>Telephone : 01 53 80 99 29<\/p><p>Web development : https:\/\/www.pixelexecutive.com<\/p><p>Terms of use<br \/>Ce site est propos\u00e9 en diff\u00e9rents langages web (HTML, HTML5, Javascript, CSS, etc\u2026) pour un meilleur confort d&rsquo;utilisation et un graphisme plus agr\u00e9able, nous vous recommandons de recourir \u00e0 des navigateurs modernes comme Internet explorer, Safari, Firefox, Google Chrome, etc\u2026 L&rsquo;internaute devra donc s&rsquo;assurer de l&rsquo;exactitude des informations aupr\u00e8s de D&amp;A Financial Solutions, et signaler toutes modifications du site qu&rsquo;il jugerait utile. D&amp;A Financial Solutions n&rsquo;est en aucun cas responsable de l&rsquo;utilisation faite de ces informations, et de tout pr\u00e9judice direct ou indirect pouvant en d\u00e9couler.<\/p><p>Cookies<br \/>Cette politique s\u2019applique aux cookies pr\u00e9sents sur le service \u00e9dit\u00e9 par la soci\u00e9t\u00e9 D&amp;A Financial Solutions accessible par un utilisateur (\u00ab Utilisateur \u00bb) via son terminal de connexion (ordinateur, tablette, smartphone etc.) (\u00ab Terminal \u00bb), depuis l\u2019adresse du Site.<\/p><p>A. Definition<br \/>Cookie files (\"Cookies\") are non-executable text files deposited by us, if you do not object, when you visit our Site. The data we collect as we access and use our Site is intended for us. Indeed, the Cookies that we manage allow us, in particular, to count the number of Terminals accessing our Site, to establish frequentation statistics, to avoid the Terminal User concerned from again providing personal data that 'he had previously provided.<\/p><p>B. The different cookies on our site<br \/>Audience measurement cookies: Audience measurement cookies compile statistics on the number of visits and use of our Site. Attendance statistics may thus be produced.<\/p><p>C. The means available to the user to object<br \/>The storage of Cookies files in your Terminal or the access to navigation data contained in these files or attached to these files, is subject to your agreement or your refusal, which you can manifest at any time by choosing one of the options offered to you by your navigation software. If you have accepted the storage of Cookies files by your Terminal in your browser software, these may be temporarily stored in a dedicated space on your Terminal.\nFor more information and help, you can also consult the help page specific to the browser you are using:\nInternet Explorer\u2122 (http:\/\/windows.microsoft.com\/fr-fr\/windows7\/block-enable-or-allow-cookies)\u2028Firefox\u2122 (https:\/\/support.mozilla.org\/fr\/kb\/activer-desactiver-cookies)\u2028Safari\u2122 (http:\/\/www.apple.com\/legal\/privacy\/fr-ww\/cookies\/)\u2028Chrome\u2122 (https:\/\/support.google.com\/chrome\/answer\/95647?hl=fr)\u2028Opera\u2122 (http:\/\/help.opera.com\/Windows\/10.20\/fr\/cookies.html)\nBy continuing to browse our site, you accept the installation of Cookies on your Terminal.<\/p><p>For more information and help, you can also consult the help page specific to the browser you are using:<\/p><p>Internet Explorer\u2122 (http:\/\/windows.microsoft.com\/fr-fr\/windows7\/block-enable-or-allow-cookies)<br \/>Firefox\u2122 (https:\/\/support.mozilla.org\/fr\/kb\/activer-desactiver-cookies)<br \/>Safari\u2122 (http:\/\/www.apple.com\/legal\/privacy\/fr-ww\/cookies\/)<br \/>Chrome\u2122 (https:\/\/support.google.com\/chrome\/answer\/95647?hl=fr)<br \/>Opera\u2122 (http:\/\/help.opera.com\/Windows\/10.20\/fr\/cookies.html)<\/p><p>By continuing to browse our Site, you accept the installation of Cookies on your Terminal.<\/p><p>Hypertext links<br \/>Les sites internet peuvent offrir des liens vers d\u2019autres sites internet ou d\u2019autres ressources disponibles sur Internet.D&amp;A Financial Solutions ne dispose d&rsquo;aucun moyen pour contr\u00f4ler les sites en connexion avec ses sites internet, ne r\u00e9pond pas de la disponibilit\u00e9 de tels sites et sources externes, ni ne la garantit. Elle ne peut \u00eatre tenue pour responsable de tout dommage, de quelque nature que ce soit, r\u00e9sultant du contenu de ces sites ou sources externes, et notamment des informations, produits ou services qu\u2019ils proposent, ou de tout usage qui peut \u00eatre fait de ces \u00e9l\u00e9ments. Les risques li\u00e9s \u00e0 cette utilisation incombent pleinement \u00e0 l&rsquo;internaute, qui doit se conformer \u00e0 leurs conditions d&rsquo;utilisation. Les utilisateurs, les abonn\u00e9s et les visiteurs des sites internet de ne peuvent mettre en place un hyperlien en direction de ce site sans l&rsquo;autorisation expresse et pr\u00e9alable de D&amp;A Financial Solutions. Dans l&rsquo;hypoth\u00e8se o\u00f9 un utilisateur ou visiteur souhaiterait mettre en place un hyperlien en direction d\u2019un des sites internet de D&amp;A Financial Solutions, il lui appartiendra d&rsquo;adresser un email accessible sur le site afin de formuler sa demande de mise en place d&rsquo;un hyperlien. D&amp;A Financial Solutions se r\u00e9serve le droit d\u2019accepter ou de refuser un hyperlien sans avoir \u00e0 en justifier sa d\u00e9cision.<\/p><p>Services Provided<br \/>L&rsquo;ensemble des activit\u00e9s de la soci\u00e9t\u00e9 ainsi que ses informations sont pr\u00e9sent\u00e9s sur notre site.<\/p><p>D&amp;A Financial Solutions s\u2019efforce de fournir sur le site des informations aussi pr\u00e9cises que possible. les renseignements figurant sur le site ne sont pas exhaustifs et les photos non contractuelles. Ils sont donn\u00e9s sous r\u00e9serve de modifications ayant \u00e9t\u00e9 apport\u00e9es depuis leur mise en ligne. Par ailleurs, tous les informations indiqu\u00e9es sur le site sont donn\u00e9es \u00e0 titre indicatif, et sont susceptibles de changer ou d\u2019\u00e9voluer sans pr\u00e9avis.<\/p><p>Contractual limitation on data<br \/>Les informations contenues sur ce site sont aussi pr\u00e9cises que possible et le site remis \u00e0 jour \u00e0 diff\u00e9rentes p\u00e9riodes de l\u2019ann\u00e9e, mais peut toutefois contenir des inexactitudes ou des omissions. Si vous constatez une lacune, erreur ou ce qui parait \u00eatre un dysfonctionnement, merci de bien vouloir le signaler par email, \u00e0 l\u2019adresse x, en d\u00e9crivant le probl\u00e8me de la mani\u00e8re la plus pr\u00e9cise possible (page posant probl\u00e8me, type d\u2019ordinateur et de navigateur utilis\u00e9, \u2026). Tout contenu t\u00e9l\u00e9charg\u00e9 se fait aux risques et p\u00e9rils de l&rsquo;utilisateur et sous sa seule responsabilit\u00e9. En cons\u00e9quence, ne saurait \u00eatre tenu responsable d&rsquo;un quelconque dommage subi par l&rsquo;ordinateur de l&rsquo;utilisateur ou d&rsquo;une quelconque perte de donn\u00e9es cons\u00e9cutives au t\u00e9l\u00e9chargement. De plus, l\u2019utilisateur du site s\u2019engage \u00e0 acc\u00e9der au site en utilisant un mat\u00e9riel r\u00e9cent, ne contenant pas de virus et avec un navigateur de derni\u00e8re g\u00e9n\u00e9ration mis-\u00e0-jour. Les liens hypertextes mis en place dans le cadre du pr\u00e9sent site internet en direction d&rsquo;autres ressources pr\u00e9sentes sur le r\u00e9seau Internet ne sauraient engager la responsabilit\u00e9 de D&amp;A Financial Solutions.<\/p><p>Intellectual property<br \/>Tout le contenu du pr\u00e9sent sur le site incluant, de fa\u00e7on non limitative, les graphismes, images, textes, vid\u00e9os, animations, sons, logos, gifs et ic\u00f4nes ainsi que leur mise en forme sont la propri\u00e9t\u00e9 exclusive de la soci\u00e9t\u00e9 \u00e0 l&rsquo;exception des marques, logos ou contenus appartenant \u00e0 d&rsquo;autres soci\u00e9t\u00e9s partenaires ou auteurs. Toute reproduction, distribution, modification, adaptation, retransmission ou publication, m\u00eame partielle, de ces diff\u00e9rents \u00e9l\u00e9ments est strictement interdite sans l&rsquo;accord expr\u00e8s par \u00e9crit de D&amp;A Financial Solutions. Cette repr\u00e9sentation ou reproduction, par quelque proc\u00e9d\u00e9 que ce soit, constitue une contrefa\u00e7on sanctionn\u00e9e par les articles L.335-2 et suivants du Code de la propri\u00e9t\u00e9 intellectuelle. Le non-respect de cette interdiction constitue une contrefa\u00e7on pouvant engager la responsabilit\u00e9 civile et p\u00e9nale du contrefacteur. En outre, les propri\u00e9taires des Contenus copi\u00e9s pourraient intenter une action en justice \u00e0 votre encontre.<\/p><p>CNIL Declaration<br \/>In accordance with law 78-17 of January 6, 1978 (amended by law 2004-801 of August 6, 2004 relating to the protection of individuals with regard to the processing of personal data) relating to data processing, files and freedoms, this site has not been the subject of a declaration to the National Commission for Data Protection (www.cnil.fr).<\/p><p>Disputes<br \/>Les pr\u00e9sentes conditions du site sont r\u00e9gies par les lois fran\u00e7aises et toute contestation ou litiges qui pourraient na\u00eetre de l&rsquo;interpr\u00e9tation ou de l&rsquo;ex\u00e9cution de celles-ci seront de la comp\u00e9tence exclusive des tribunaux dont d\u00e9pend le si\u00e8ge social de la soci\u00e9t\u00e9. La langue de r\u00e9f\u00e9rence, pour le r\u00e8glement de contentieux \u00e9ventuels, est le fran\u00e7ais.<\/p><p>Personal Data<br \/>De mani\u00e8re g\u00e9n\u00e9rale, vous n\u2019\u00eates pas tenu de nous communiquer vos donn\u00e9es personnelles lorsque vous visitez notre site Internet.<\/p>\t\t\t\t\t\t\t\t<\/div>\n\t\t\t\t<\/div>\n\t\t\t\t\t<\/div>\n\t\t<\/div>\n\t\t\t\t\t<\/div>\n\t\t<\/section>\n\t\t\t\t<\/div>","protected":false},"excerpt":{"rendered":"<p>Mentions L\u00e9gales Merci de lire avec attention les diff\u00e9rentes modalit\u00e9s d\u2019utilisation du pr\u00e9sent site avant d\u2019y parcourir ses pages. En vous connectant sur ce site, vous acceptez sans r\u00e9serves les pr\u00e9sentes modalit\u00e9s. Aussi, conform\u00e9ment \u00e0 l\u2019article n\u00b06 de la Loi n\u00b02004-575 du 21 Juin 2004 pour la confiance dans l\u2019\u00e9conomie num\u00e9rique, les responsables du pr\u00e9sent [&hellip;]<\/p>\n","protected":false},"author":4,"featured_media":0,"parent":0,"menu_order":0,"comment_status":"closed","ping_status":"closed","template":"elementor_header_footer","meta":{"footnotes":""},"class_list":["post-394","page","type-page","status-publish","hentry"],"_links":{"self":[{"href":"https:\/\/dafs.pxdev.xyz\/en\/wp-json\/wp\/v2\/pages\/394","targetHints":{"allow":["GET"]}}],"collection":[{"href":"https:\/\/dafs.pxdev.xyz\/en\/wp-json\/wp\/v2\/pages"}],"about":[{"href":"https:\/\/dafs.pxdev.xyz\/en\/wp-json\/wp\/v2\/types\/page"}],"author":[{"embeddable":true,"href":"https:\/\/dafs.pxdev.xyz\/en\/wp-json\/wp\/v2\/users\/4"}],"replies":[{"embeddable":true,"href":"https:\/\/dafs.pxdev.xyz\/en\/wp-json\/wp\/v2\/comments?post=394"}],"version-history":[{"count":0,"href":"https:\/\/dafs.pxdev.xyz\/en\/wp-json\/wp\/v2\/pages\/394\/revisions"}],"wp:attachment":[{"href":"https:\/\/dafs.pxdev.xyz\/en\/wp-json\/wp\/v2\/media?parent=394"}],"curies":[{"name":"wp","href":"https:\/\/api.w.org\/{rel}","templated":true}]}}